{"id":51912,"date":"2023-06-22T15:16:36","date_gmt":"2023-06-22T21:16:36","guid":{"rendered":"https:\/\/cpelegal.com\/?page_id=51912"},"modified":"2024-02-16T11:19:51","modified_gmt":"2024-02-16T17:19:51","slug":"socios-cpe-legal","status":"publish","type":"page","link":"https:\/\/cpelegal.com\/index.php\/socios-cpe-legal\/","title":{"rendered":"Socios"},"content":{"rendered":"\t\t<div data-elementor-type=\"wp-page\" data-elementor-id=\"51912\" class=\"elementor elementor-51912\" data-elementor-post-type=\"page\">\n\t\t\t\t\t\t\t\t\t<section class=\"elementor-section elementor-top-section elementor-element elementor-element-30b0e04 elementor-section-full_width elementor-section-height-default elementor-section-height-default tm-col-stretched-none tm-bg-color-over-image\" data-id=\"30b0e04\" data-element_type=\"section\">\n\t\t\t\t\t\t<div class=\"elementor-container elementor-column-gap-no\">\n\t\t\t\t\t<div class=\"elementor-column elementor-col-100 elementor-top-column elementor-element elementor-element-f966639 tm-bg-color-over-image\" data-id=\"f966639\" data-element_type=\"column\">\n\t\t\t<div class=\"elementor-widget-wrap elementor-element-populated\">\n\t\t\t\t\t\t\t\t<div class=\"elementor-element elementor-element-9b359ca elementor-widget elementor-widget-slider_revolution\" data-id=\"9b359ca\" data-element_type=\"widget\" data-widget_type=\"slider_revolution.default\">\n\t\t\t\t<div class=\"elementor-widget-container\">\n\t\t\t\r\n\t\t<div class=\"wp-block-themepunch-revslider\">\n\t\t\t<!-- START Slider Home7 REVOLUTION SLIDER 6.6.14 --><p class=\"rs-p-wp-fix\"><\/p>\n\t\t\t<rs-module-wrap id=\"rev_slider_7_1_wrapper\" data-source=\"gallery\" style=\"visibility:hidden;background:transparent;padding:0;margin:0px auto;margin-top:0;margin-bottom:0;\">\n\t\t\t\t<rs-module id=\"rev_slider_7_1\" style=\"\" data-version=\"6.6.14\">\n\t\t\t\t\t<rs-slides style=\"overflow: hidden; position: absolute;\">\n\t\t\t\t\t\t<rs-slide style=\"position: absolute;\" data-key=\"rs-13\" data-title=\"Slide 1\" data-anim=\"f:nodelay;\" data-in=\"o:1;x:(100%);m:true;col:5;\" data-out=\"a:false;\">\n\t\t\t\t\t\t\t<img decoding=\"async\" src=\"https:\/\/i0.wp.com\/cpelegal.com\/wp-content\/plugins\/revslider\/public\/assets\/assets\/dummy.png?resize=2560%2C1707\" alt=\"\" title=\"mario-gogh-VBLHICVh-lI-unsplash\" width=\"2560\" height=\"1707\" class=\"rev-slidebg tp-rs-img rs-lazyload\" data-lazyload=\"\/\/cpelegal.com\/wp-content\/uploads\/2023\/06\/mario-gogh-VBLHICVh-lI-unsplash-scaled.jpg\" data-bg=\"p:center top;\" data-parallax=\"off\" data-no-retina data-recalc-dims=\"1\">\n<!--\n\t\t\t\t\t\t\t--><rs-layer\n\t\t\t\t\t\t\t\tid=\"slider-7-slide-13-layer-1\" \n\t\t\t\t\t\t\t\tdata-type=\"text\"\n\t\t\t\t\t\t\t\tdata-rsp_ch=\"on\"\n\t\t\t\t\t\t\t\tdata-xy=\"x:c;xo:0,50px,7px,0;y:m;yo:-141px,213px,-95px,-122px;\"\n\t\t\t\t\t\t\t\tdata-text=\"w:normal;s:113,130,92,84;l:107,125,87,85;fw:700,700,700,800;a:center;\"\n\t\t\t\t\t\t\t\tdata-dim=\"w:649px,581px,541px,482px;\"\n\t\t\t\t\t\t\t\tdata-frame_0=\"x:-50,-37,-28,-17;\"\n\t\t\t\t\t\t\t\tdata-frame_1=\"st:820;sp:1000;sR:820;\"\n\t\t\t\t\t\t\t\tdata-frame_999=\"o:0;st:w;sR:7180;\"\n\t\t\t\t\t\t\t\tstyle=\"z-index:11;font-family:'Noto Serif Malayalam';\"\n\t\t\t\t\t\t\t>Nuestro<br \/>\nEquipo \n\t\t\t\t\t\t\t<\/rs-layer><!--\n\n\t\t\t\t\t\t\t--><rs-layer\n\t\t\t\t\t\t\t\tid=\"slider-7-slide-13-layer-22\" \n\t\t\t\t\t\t\t\tdata-type=\"text\"\n\t\t\t\t\t\t\t\tdata-rsp_ch=\"on\"\n\t\t\t\t\t\t\t\tdata-xy=\"x:c;xo:-5px,50px,-2px,1px;y:m;yo:79px,164px,112px,63px;\"\n\t\t\t\t\t\t\t\tdata-text=\"w:normal;s:39,18,41,36;l:74,24,54,44;a:left,left,left,center;\"\n\t\t\t\t\t\t\t\tdata-frame_0=\"sX:0.8;sY:0.8;\"\n\t\t\t\t\t\t\t\tdata-frame_1=\"e:power4.out;st:1660;sp:1000;sR:1660;\"\n\t\t\t\t\t\t\t\tdata-frame_999=\"o:0;st:w;sR:6340;\"\n\t\t\t\t\t\t\t\tstyle=\"z-index:9;font-family:'Jost';\"\n\t\t\t\t\t\t\t><a href=\"https:\/\/cpelegal.com\/index.php\/contacto\/\" class=\"btn btn-theme-colored1 btn-hover-bg-white\">Hablemos<\/a> \n\t\t\t\t\t\t\t<\/rs-layer><!--\n-->\t\t\t\t\t\t<\/rs-slide>\n\t\t\t\t\t<\/rs-slides>\n\t\t\t\t\t<rs-static-layers><!--\n\t\t\t\t\t--><\/rs-static-layers>\n\t\t\t\t<\/rs-module>\n\t\t\t\t<script>\n\t\t\t\t\tsetREVStartSize({c: 'rev_slider_7_1',rl:[1240,1024,778,480],el:[900,700,700,700],gw:[1380,1024,778,480],gh:[900,700,700,700],type:'standard',justify:'',layout:'fullwidth',mh:\"0\"});if (window.RS_MODULES!==undefined && window.RS_MODULES.modules!==undefined && window.RS_MODULES.modules[\"revslider71\"]!==undefined) {window.RS_MODULES.modules[\"revslider71\"].once = false;window.revapi7 = undefined;if (window.RS_MODULES.checkMinimal!==undefined) window.RS_MODULES.checkMinimal()}\n\t\t\t\t<\/script>\n\t\t\t<\/rs-module-wrap>\n\t\t\t<!-- END REVOLUTION SLIDER -->\n<\/div>\r\n\r\n\t\t\t\t<\/div>\n\t\t\t\t<\/div>\n\t\t\t\t\t<\/div>\n\t\t<\/div>\n\t\t\t\t\t\t\t<\/div>\n\t\t<\/section>\n\t\t\t\t<section class=\"elementor-section elementor-top-section elementor-element elementor-element-d8d30d1 elementor-section-stretched elementor-section-boxed elementor-section-height-default elementor-section-height-default tm-col-stretched-none tm-bg-color-over-image\" data-id=\"d8d30d1\" data-element_type=\"section\" data-settings=\"{&quot;stretch_section&quot;:&quot;section-stretched&quot;}\">\n\t\t\t\t\t\t<div class=\"elementor-container elementor-column-gap-extended\">\n\t\t\t\t\t<div class=\"elementor-column elementor-col-100 elementor-top-column elementor-element elementor-element-dca26b4 tm-bg-color-over-image\" data-id=\"dca26b4\" data-element_type=\"column\">\n\t\t\t<div class=\"elementor-widget-wrap elementor-element-populated\">\n\t\t\t\t\t\t\t\t<div class=\"elementor-element elementor-element-0724200 horizontal-line-align-left vertical-line-align-bottom elementor-widget elementor-widget-tm-ele-section-title\" data-id=\"0724200\" data-element_type=\"widget\" data-widget_type=\"tm-ele-section-title.default\">\n\t\t\t\t<div class=\"elementor-widget-container\">\n\t\t\t<div class=\"tm-sc-section-title section-title \">\r\n\t<div class=\"title-wrapper\">\r\n\t\t\t\t\t\t<h6 class=\"subtitle \">\r\n\r\n\t\t\r\n\t\tCONOZCA NUESTRO EQUIPO\t<\/h6>\r\n\t\t\t\t<h2 class=\"title \">\r\n\r\n\t\t\r\n\t\t\t\t<span class=\"title-part1 \">COMPROMISO Y EXPERIENCIA<\/span>\r\n\t\t\t\t\r\n\t\t\r\n\t<\/h2>\r\n\t<div class=\"title-seperator-line\"><\/div>\t\t\t\t\t\t<\/div>\r\n<\/div>\t\t<\/div>\n\t\t\t\t<\/div>\n\t\t\t\t\t<\/div>\n\t\t<\/div>\n\t\t\t\t\t\t\t<\/div>\n\t\t<\/section>\n\t\t\t\t<section class=\"elementor-section elementor-top-section elementor-element elementor-element-4f0619c elementor-section-boxed elementor-section-height-default elementor-section-height-default tm-col-stretched-none tm-bg-color-over-image\" data-id=\"4f0619c\" data-element_type=\"section\">\n\t\t\t\t\t\t<div class=\"elementor-container elementor-column-gap-default\">\n\t\t\t\t\t<div class=\"elementor-column elementor-col-50 elementor-top-column elementor-element elementor-element-4c81970 tm-bg-color-over-image\" data-id=\"4c81970\" data-element_type=\"column\">\n\t\t\t<div class=\"elementor-widget-wrap elementor-element-populated\">\n\t\t\t\t\t\t\t\t<div class=\"elementor-element elementor-element-76d0e86 elementor-widget elementor-widget-image\" data-id=\"76d0e86\" data-element_type=\"widget\" data-widget_type=\"image.default\">\n\t\t\t\t<div class=\"elementor-widget-container\">\n\t\t\t<style>\/*! elementor - v3.14.0 - 18-06-2023 *\/\n.elementor-widget-image{text-align:center}.elementor-widget-image a{display:inline-block}.elementor-widget-image a img[src$=\".svg\"]{width:48px}.elementor-widget-image img{vertical-align:middle;display:inline-block}<\/style>\t\t\t\t\t\t\t\t\t\t\t\t\t<a href=\"https:\/\/cpelegal.com\/index.php\/staff\/bernal-rodriguez-cruz\/\">\n\t\t\t\t\t\t\t<img loading=\"lazy\" decoding=\"async\" width=\"1024\" height=\"1024\" src=\"https:\/\/i0.wp.com\/cpelegal.com\/wp-content\/uploads\/2023\/06\/2-s.png?fit=1024%2C1024&amp;ssl=1\" class=\"attachment-large size-large wp-image-52043\" alt=\"\" srcset=\"https:\/\/i0.wp.com\/cpelegal.com\/wp-content\/uploads\/2023\/06\/2-s.png?w=1500&amp;ssl=1 1500w, https:\/\/i0.wp.com\/cpelegal.com\/wp-content\/uploads\/2023\/06\/2-s.png?resize=300%2C300&amp;ssl=1 300w, https:\/\/i0.wp.com\/cpelegal.com\/wp-content\/uploads\/2023\/06\/2-s.png?resize=1024%2C1024&amp;ssl=1 1024w, https:\/\/i0.wp.com\/cpelegal.com\/wp-content\/uploads\/2023\/06\/2-s.png?resize=150%2C150&amp;ssl=1 150w, https:\/\/i0.wp.com\/cpelegal.com\/wp-content\/uploads\/2023\/06\/2-s.png?resize=768%2C768&amp;ssl=1 768w, https:\/\/i0.wp.com\/cpelegal.com\/wp-content\/uploads\/2023\/06\/2-s.png?resize=550%2C550&amp;ssl=1 550w, https:\/\/i0.wp.com\/cpelegal.com\/wp-content\/uploads\/2023\/06\/2-s.png?resize=1100%2C1100&amp;ssl=1 1100w, https:\/\/i0.wp.com\/cpelegal.com\/wp-content\/uploads\/2023\/06\/2-s.png?resize=600%2C600&amp;ssl=1 600w, https:\/\/i0.wp.com\/cpelegal.com\/wp-content\/uploads\/2023\/06\/2-s.png?resize=100%2C100&amp;ssl=1 100w\" sizes=\"auto, (max-width: 1000px) 100vw, 1000px\" \/>\t\t\t\t\t\t\t\t<\/a>\n\t\t\t\t\t\t\t\t\t\t\t\t\t\t\t<\/div>\n\t\t\t\t<\/div>\n\t\t\t\t<div class=\"elementor-element elementor-element-2e24fcd elementor-widget elementor-widget-heading\" data-id=\"2e24fcd\" data-element_type=\"widget\" data-widget_type=\"heading.default\">\n\t\t\t\t<div class=\"elementor-widget-container\">\n\t\t\t<style>\/*! elementor - v3.14.0 - 18-06-2023 *\/\n.elementor-heading-title{padding:0;margin:0;line-height:1}.elementor-widget-heading .elementor-heading-title[class*=elementor-size-]>a{color:inherit;font-size:inherit;line-height:inherit}.elementor-widget-heading .elementor-heading-title.elementor-size-small{font-size:15px}.elementor-widget-heading .elementor-heading-title.elementor-size-medium{font-size:19px}.elementor-widget-heading .elementor-heading-title.elementor-size-large{font-size:29px}.elementor-widget-heading .elementor-heading-title.elementor-size-xl{font-size:39px}.elementor-widget-heading .elementor-heading-title.elementor-size-xxl{font-size:59px}<\/style><h2 class=\"elementor-heading-title elementor-size-default\"><a href=\"https:\/\/cpelegal.com\/index.php\/staff\/bernal-rodriguez-cruz\/\">Bernal Rodr\u00edguez Cruz<\/a><\/h2>\t\t<\/div>\n\t\t\t\t<\/div>\n\t\t\t\t\t<\/div>\n\t\t<\/div>\n\t\t\t\t<div class=\"elementor-column elementor-col-50 elementor-top-column elementor-element elementor-element-16292c1 tm-bg-color-over-image\" data-id=\"16292c1\" data-element_type=\"column\">\n\t\t\t<div class=\"elementor-widget-wrap elementor-element-populated\">\n\t\t\t\t\t\t\t\t<div class=\"elementor-element elementor-element-d443a2e elementor-widget elementor-widget-image\" data-id=\"d443a2e\" data-element_type=\"widget\" data-widget_type=\"image.default\">\n\t\t\t\t<div class=\"elementor-widget-container\">\n\t\t\t\t\t\t\t\t\t\t\t\t\t\t\t\t<a href=\"https:\/\/cpelegal.com\/index.php\/staff\/andres-sancho-simoneau\/\">\n\t\t\t\t\t\t\t<img loading=\"lazy\" decoding=\"async\" width=\"1024\" height=\"1024\" src=\"https:\/\/i0.wp.com\/cpelegal.com\/wp-content\/uploads\/2021\/06\/3-s-1.png?fit=1024%2C1024&amp;ssl=1\" class=\"attachment-large size-large wp-image-52332\" alt=\"\" srcset=\"https:\/\/i0.wp.com\/cpelegal.com\/wp-content\/uploads\/2021\/06\/3-s-1.png?w=1500&amp;ssl=1 1500w, https:\/\/i0.wp.com\/cpelegal.com\/wp-content\/uploads\/2021\/06\/3-s-1.png?resize=300%2C300&amp;ssl=1 300w, https:\/\/i0.wp.com\/cpelegal.com\/wp-content\/uploads\/2021\/06\/3-s-1.png?resize=1024%2C1024&amp;ssl=1 1024w, https:\/\/i0.wp.com\/cpelegal.com\/wp-content\/uploads\/2021\/06\/3-s-1.png?resize=150%2C150&amp;ssl=1 150w, https:\/\/i0.wp.com\/cpelegal.com\/wp-content\/uploads\/2021\/06\/3-s-1.png?resize=768%2C768&amp;ssl=1 768w, https:\/\/i0.wp.com\/cpelegal.com\/wp-content\/uploads\/2021\/06\/3-s-1.png?resize=550%2C550&amp;ssl=1 550w, https:\/\/i0.wp.com\/cpelegal.com\/wp-content\/uploads\/2021\/06\/3-s-1.png?resize=1100%2C1100&amp;ssl=1 1100w, https:\/\/i0.wp.com\/cpelegal.com\/wp-content\/uploads\/2021\/06\/3-s-1.png?resize=600%2C600&amp;ssl=1 600w, https:\/\/i0.wp.com\/cpelegal.com\/wp-content\/uploads\/2021\/06\/3-s-1.png?resize=100%2C100&amp;ssl=1 100w\" sizes=\"auto, (max-width: 1000px) 100vw, 1000px\" \/>\t\t\t\t\t\t\t\t<\/a>\n\t\t\t\t\t\t\t\t\t\t\t\t\t\t\t<\/div>\n\t\t\t\t<\/div>\n\t\t\t\t<div class=\"elementor-element elementor-element-ebd27dd elementor-widget elementor-widget-heading\" data-id=\"ebd27dd\" data-element_type=\"widget\" data-widget_type=\"heading.default\">\n\t\t\t\t<div class=\"elementor-widget-container\">\n\t\t\t<h2 class=\"elementor-heading-title elementor-size-default\"><a href=\"https:\/\/cpelegal.com\/index.php\/staff\/andres-sancho-simoneau\/\">Andr\u00e9s Sancho Simoneau<\/a><\/h2>\t\t<\/div>\n\t\t\t\t<\/div>\n\t\t\t\t\t<\/div>\n\t\t<\/div>\n\t\t\t\t\t\t\t<\/div>\n\t\t<\/section>\n\t\t\t\t<section class=\"elementor-section elementor-top-section elementor-element elementor-element-8485a07 elementor-section-boxed elementor-section-height-default elementor-section-height-default tm-col-stretched-none tm-bg-color-over-image\" data-id=\"8485a07\" data-element_type=\"section\" data-settings=\"{&quot;background_background&quot;:&quot;classic&quot;}\">\n\t\t\t\t\t\t\t<div class=\"elementor-background-overlay\"><\/div>\n\t\t\t\t\t\t\t<div class=\"elementor-container elementor-column-gap-default\">\n\t\t\t\t\t<div class=\"elementor-column elementor-col-33 elementor-top-column elementor-element elementor-element-36d39e8 tm-bg-color-over-image\" data-id=\"36d39e8\" data-element_type=\"column\">\n\t\t\t<div class=\"elementor-widget-wrap\">\n\t\t\t\t\t\t\t\t\t<\/div>\n\t\t<\/div>\n\t\t\t\t<div class=\"elementor-column elementor-col-33 elementor-top-column elementor-element elementor-element-0184c36 tm-bg-color-over-image\" data-id=\"0184c36\" data-element_type=\"column\">\n\t\t\t<div class=\"elementor-widget-wrap elementor-element-populated\">\n\t\t\t\t\t\t\t\t<div class=\"elementor-element elementor-element-e51bdba elementor-widget elementor-widget-tm-ele-text-editor-advanced\" data-id=\"e51bdba\" data-element_type=\"widget\" data-widget_type=\"tm-ele-text-editor-advanced.default\">\n\t\t\t\t<div class=\"elementor-widget-container\">\n\t\t\t\t\t<div class=\"tm-text-editor-advanced\">\r\n\t\t\t\t\t<div class=\"each-item elementor-repeater-item-80b687a\">\r\n\t\t\t\t<h3><span>Un equipo capacitado y eficaz para acompa\u00f1arle en su negio<\/span><\/h3>\t\t\t\t<\/div>\r\n\t\t\t\t\t\t<\/div>\r\n\t\t\t<\/div>\n\t\t\t\t<\/div>\n\t\t\t\t<div class=\"elementor-element elementor-element-cf35dc4 elementor-widget__width-inherit elementor-widget-mobile__width-inherit elementor-widget elementor-widget-tm-ele-button\" data-id=\"cf35dc4\" data-element_type=\"widget\" data-widget_type=\"tm-ele-button.default\">\n\t\t\t\t<div class=\"elementor-widget-container\">\n\t\t\t<div class=\"tm-sc-button btn-view-details \">\r\n\t<a  href=\"https:\/\/cpelegal.com\/index.php\/servicios\/\" \r\n\t\t\t\t\t\tclass=\"btn btn-theme-colored2 btn-round\">\r\n\r\n\t\t\r\n\t\t\r\n\t\t<span>\r\n\t\tVer Nuestros Servicios\t\t<\/span>\r\n\r\n\t\t\t<\/a>\r\n<\/div>\t\t<\/div>\n\t\t\t\t<\/div>\n\t\t\t\t\t<\/div>\n\t\t<\/div>\n\t\t\t\t<div class=\"elementor-column elementor-col-33 elementor-top-column elementor-element elementor-element-14a385e tm-bg-color-over-image\" data-id=\"14a385e\" data-element_type=\"column\">\n\t\t\t<div class=\"elementor-widget-wrap\">\n\t\t\t\t\t\t\t\t\t<\/div>\n\t\t<\/div>\n\t\t\t\t\t\t\t<\/div>\n\t\t<\/section>\n\t\t\t\t\t\t\t<\/div>\n\t\t","protected":false},"excerpt":{"rendered":"<p>CONOZCA NUESTRO EQUIPO COMPROMISO Y EXPERIENCIA Bernal Rodr\u00edguez Cruz Andr\u00e9s Sancho Simoneau Un equipo capacitado y eficaz para acompa\u00f1arle en&#8230;<\/p>\n","protected":false},"author":1,"featured_media":0,"parent":0,"menu_order":0,"comment_status":"closed","ping_status":"closed","template":"","meta":{"footnotes":""},"class_list":["post-51912","page","type-page","status-publish","hentry"],"yoast_head":"<!-- This site is optimized with the Yoast SEO plugin v21.6 - https:\/\/yoast.com\/wordpress\/plugins\/seo\/ -->\n<title>Socios - CPE Legal<\/title>\n<meta name=\"description\" content=\"Conozca al Equipo legal experto en Derecho P\u00fablico de CPE Legal. Nuestros socios aportan a\u00f1os de experiencia en Derecho P\u00fablico y Constitucional para ofrecer la mejor asesor\u00eda legal.\" \/>\n<meta name=\"robots\" content=\"index, follow, max-snippet:-1, max-image-preview:large, max-video-preview:-1\" \/>\n<link rel=\"canonical\" href=\"https:\/\/cpelegal.com\/index.php\/socios-cpe-legal\/\" \/>\n<meta property=\"og:locale\" content=\"es_ES\" \/>\n<meta property=\"og:type\" content=\"article\" \/>\n<meta property=\"og:title\" content=\"Socios - CPE Legal\" \/>\n<meta property=\"og:description\" content=\"Conozca al Equipo legal experto en Derecho P\u00fablico de CPE Legal. Nuestros socios aportan a\u00f1os de experiencia en Derecho P\u00fablico y Constitucional para ofrecer la mejor asesor\u00eda legal.\" \/>\n<meta property=\"og:url\" content=\"https:\/\/cpelegal.com\/index.php\/socios-cpe-legal\/\" \/>\n<meta property=\"og:site_name\" content=\"CPE Legal\" \/>\n<meta property=\"article:modified_time\" content=\"2024-02-16T17:19:51+00:00\" \/>\n<meta property=\"og:image\" content=\"http:\/\/cpelegal.com\/wp-content\/uploads\/2023\/06\/2-s-1024x1024.png\" \/>\n<meta name=\"twitter:card\" content=\"summary_large_image\" \/>\n<meta name=\"twitter:label1\" content=\"Est. reading time\" \/>\n\t<meta name=\"twitter:data1\" content=\"1 minuto\" \/>\n<script type=\"application\/ld+json\" class=\"yoast-schema-graph\">{\"@context\":\"https:\/\/schema.org\",\"@graph\":[{\"@type\":\"WebPage\",\"@id\":\"https:\/\/cpelegal.com\/index.php\/socios-cpe-legal\/\",\"url\":\"https:\/\/cpelegal.com\/index.php\/socios-cpe-legal\/\",\"name\":\"Socios - CPE Legal\",\"isPartOf\":{\"@id\":\"https:\/\/cpelegal.com\/#website\"},\"datePublished\":\"2023-06-22T21:16:36+00:00\",\"dateModified\":\"2024-02-16T17:19:51+00:00\",\"description\":\"Conozca al Equipo legal experto en Derecho P\u00fablico de CPE Legal. Nuestros socios aportan a\u00f1os de experiencia en Derecho P\u00fablico y Constitucional para ofrecer la mejor asesor\u00eda legal.\",\"breadcrumb\":{\"@id\":\"https:\/\/cpelegal.com\/index.php\/socios-cpe-legal\/#breadcrumb\"},\"inLanguage\":\"es-CR\",\"potentialAction\":[{\"@type\":\"ReadAction\",\"target\":[\"https:\/\/cpelegal.com\/index.php\/socios-cpe-legal\/\"]}]},{\"@type\":\"BreadcrumbList\",\"@id\":\"https:\/\/cpelegal.com\/index.php\/socios-cpe-legal\/#breadcrumb\",\"itemListElement\":[{\"@type\":\"ListItem\",\"position\":1,\"name\":\"Portada\",\"item\":\"https:\/\/cpelegal.com\/\"},{\"@type\":\"ListItem\",\"position\":2,\"name\":\"Socios\"}]},{\"@type\":\"WebSite\",\"@id\":\"https:\/\/cpelegal.com\/#website\",\"url\":\"https:\/\/cpelegal.com\/\",\"name\":\"CPE Legal - Expertos en Derecho P\u00fablico y Contrataci\u00f3n Administrativa en Costa Rica\",\"description\":\"CPE Legal, l\u00edderes en Derecho Constitucional y Contrataci\u00f3n Administrativa en Costa Rica. Ofrecemos asesor\u00eda legal integral y estrat\u00e9gica para optimizar operaciones y mitigar riesgos. Expertos en gesti\u00f3n empresarial y defensa legal en procesos p\u00fablicos y constitucionales\",\"publisher\":{\"@id\":\"https:\/\/cpelegal.com\/#organization\"},\"alternateName\":\"CPE Consultores Legales\",\"potentialAction\":[{\"@type\":\"SearchAction\",\"target\":{\"@type\":\"EntryPoint\",\"urlTemplate\":\"https:\/\/cpelegal.com\/?s={search_term_string}\"},\"query-input\":\"required name=search_term_string\"}],\"inLanguage\":\"es-CR\"},{\"@type\":\"Organization\",\"@id\":\"https:\/\/cpelegal.com\/#organization\",\"name\":\"CPE Legal - Expertos en Derecho P\u00fablico y Contrataci\u00f3n Administrativa en Costa Rica\",\"alternateName\":\"CPE Consultor\u00eda Jur\u00eddica\",\"url\":\"https:\/\/cpelegal.com\/\",\"logo\":{\"@type\":\"ImageObject\",\"inLanguage\":\"es-CR\",\"@id\":\"https:\/\/cpelegal.com\/#\/schema\/logo\/image\/\",\"url\":\"https:\/\/cpelegal.com\/wp-content\/uploads\/2023\/06\/300-px.png\",\"contentUrl\":\"https:\/\/cpelegal.com\/wp-content\/uploads\/2023\/06\/300-px.png\",\"width\":300,\"height\":132,\"caption\":\"CPE Legal - Expertos en Derecho P\u00fablico y Contrataci\u00f3n Administrativa en Costa Rica\"},\"image\":{\"@id\":\"https:\/\/cpelegal.com\/#\/schema\/logo\/image\/\"},\"sameAs\":[\"https:\/\/www.linkedin.com\/company\/cpe-consultores\/\"]}]}<\/script>\n<!-- \/ Yoast SEO plugin. -->","yoast_head_json":{"title":"Socios - CPE Legal","description":"Conozca al Equipo legal experto en Derecho P\u00fablico de CPE Legal. Nuestros socios aportan a\u00f1os de experiencia en Derecho P\u00fablico y Constitucional para ofrecer la mejor asesor\u00eda legal.","robots":{"index":"index","follow":"follow","max-snippet":"max-snippet:-1","max-image-preview":"max-image-preview:large","max-video-preview":"max-video-preview:-1"},"canonical":"https:\/\/cpelegal.com\/index.php\/socios-cpe-legal\/","og_locale":"es_ES","og_type":"article","og_title":"Socios - CPE Legal","og_description":"Conozca al Equipo legal experto en Derecho P\u00fablico de CPE Legal. Nuestros socios aportan a\u00f1os de experiencia en Derecho P\u00fablico y Constitucional para ofrecer la mejor asesor\u00eda legal.","og_url":"https:\/\/cpelegal.com\/index.php\/socios-cpe-legal\/","og_site_name":"CPE Legal","article_modified_time":"2024-02-16T17:19:51+00:00","og_image":[{"url":"http:\/\/cpelegal.com\/wp-content\/uploads\/2023\/06\/2-s-1024x1024.png"}],"twitter_card":"summary_large_image","twitter_misc":{"Est. reading time":"1 minuto"},"schema":{"@context":"https:\/\/schema.org","@graph":[{"@type":"WebPage","@id":"https:\/\/cpelegal.com\/index.php\/socios-cpe-legal\/","url":"https:\/\/cpelegal.com\/index.php\/socios-cpe-legal\/","name":"Socios - CPE Legal","isPartOf":{"@id":"https:\/\/cpelegal.com\/#website"},"datePublished":"2023-06-22T21:16:36+00:00","dateModified":"2024-02-16T17:19:51+00:00","description":"Conozca al Equipo legal experto en Derecho P\u00fablico de CPE Legal. Nuestros socios aportan a\u00f1os de experiencia en Derecho P\u00fablico y Constitucional para ofrecer la mejor asesor\u00eda legal.","breadcrumb":{"@id":"https:\/\/cpelegal.com\/index.php\/socios-cpe-legal\/#breadcrumb"},"inLanguage":"es-CR","potentialAction":[{"@type":"ReadAction","target":["https:\/\/cpelegal.com\/index.php\/socios-cpe-legal\/"]}]},{"@type":"BreadcrumbList","@id":"https:\/\/cpelegal.com\/index.php\/socios-cpe-legal\/#breadcrumb","itemListElement":[{"@type":"ListItem","position":1,"name":"Portada","item":"https:\/\/cpelegal.com\/"},{"@type":"ListItem","position":2,"name":"Socios"}]},{"@type":"WebSite","@id":"https:\/\/cpelegal.com\/#website","url":"https:\/\/cpelegal.com\/","name":"CPE Legal - Expertos en Derecho P\u00fablico y Contrataci\u00f3n Administrativa en Costa Rica","description":"CPE Legal, l\u00edderes en Derecho Constitucional y Contrataci\u00f3n Administrativa en Costa Rica. Ofrecemos asesor\u00eda legal integral y estrat\u00e9gica para optimizar operaciones y mitigar riesgos. Expertos en gesti\u00f3n empresarial y defensa legal en procesos p\u00fablicos y constitucionales","publisher":{"@id":"https:\/\/cpelegal.com\/#organization"},"alternateName":"CPE Consultores Legales","potentialAction":[{"@type":"SearchAction","target":{"@type":"EntryPoint","urlTemplate":"https:\/\/cpelegal.com\/?s={search_term_string}"},"query-input":"required name=search_term_string"}],"inLanguage":"es-CR"},{"@type":"Organization","@id":"https:\/\/cpelegal.com\/#organization","name":"CPE Legal - Expertos en Derecho P\u00fablico y Contrataci\u00f3n Administrativa en Costa Rica","alternateName":"CPE Consultor\u00eda Jur\u00eddica","url":"https:\/\/cpelegal.com\/","logo":{"@type":"ImageObject","inLanguage":"es-CR","@id":"https:\/\/cpelegal.com\/#\/schema\/logo\/image\/","url":"https:\/\/cpelegal.com\/wp-content\/uploads\/2023\/06\/300-px.png","contentUrl":"https:\/\/cpelegal.com\/wp-content\/uploads\/2023\/06\/300-px.png","width":300,"height":132,"caption":"CPE Legal - Expertos en Derecho P\u00fablico y Contrataci\u00f3n Administrativa en Costa Rica"},"image":{"@id":"https:\/\/cpelegal.com\/#\/schema\/logo\/image\/"},"sameAs":["https:\/\/www.linkedin.com\/company\/cpe-consultores\/"]}]}},"jetpack_sharing_enabled":true,"_links":{"self":[{"href":"https:\/\/cpelegal.com\/index.php\/wp-json\/wp\/v2\/pages\/51912","targetHints":{"allow":["GET"]}}],"collection":[{"href":"https:\/\/cpelegal.com\/index.php\/wp-json\/wp\/v2\/pages"}],"about":[{"href":"https:\/\/cpelegal.com\/index.php\/wp-json\/wp\/v2\/types\/page"}],"author":[{"embeddable":true,"href":"https:\/\/cpelegal.com\/index.php\/wp-json\/wp\/v2\/users\/1"}],"replies":[{"embeddable":true,"href":"https:\/\/cpelegal.com\/index.php\/wp-json\/wp\/v2\/comments?post=51912"}],"version-history":[{"count":20,"href":"https:\/\/cpelegal.com\/index.php\/wp-json\/wp\/v2\/pages\/51912\/revisions"}],"predecessor-version":[{"id":52437,"href":"https:\/\/cpelegal.com\/index.php\/wp-json\/wp\/v2\/pages\/51912\/revisions\/52437"}],"wp:attachment":[{"href":"https:\/\/cpelegal.com\/index.php\/wp-json\/wp\/v2\/media?parent=51912"}],"curies":[{"name":"wp","href":"https:\/\/api.w.org\/{rel}","templated":true}]}}